{"id":129,"date":"2020-01-28T20:53:39","date_gmt":"2020-01-28T20:53:39","guid":{"rendered":"http:\/\/grays-bar.de\/?page_id=129"},"modified":"2020-01-28T21:00:54","modified_gmt":"2020-01-28T21:00:54","slug":"whiskey-tasting","status":"publish","type":"page","link":"https:\/\/grays-bar.de\/?page_id=129","title":{"rendered":"Whisk(e)y Tasting"},"content":{"rendered":"\n<p class=\"has-text-align-center has-medium-font-size\">Die Whisky-Welt ist im Wandel.<br>Die Vielfalt ist heute so gro\u00df wie noch nie! \u00dcberall auf der Welt wird heute Whisky hergestellt. Nicht nur in Schottland und Irland sprie\u00dfen die neuen Brennereien aus dem Boden.<br><\/p>\n\n\n\n<p class=\"has-text-align-center has-normal-font-size\">In diesem Whisky Tasting geht es mit den Malt Mariners einmal um die Welt. Das Thema Vielfalt steht dabei im Vordergrund. Stell Dich auf unterschiedlichste Aromen und Whisk(e)y-Typen ein!<br>Ein Tasting f\u00fcr Whisky-Forscher und f\u00fcr Entdecker. Wir setzen wieder die Segel. Bist Du dabei? Wir freuen uns auf einen gemeinsamen gen\u00fcsslichen Abend!<br> Bei Fragen zur Whisky-Auswahl schick uns gern eine Mail an info@malt-mariners.com.     <\/p>\n\n\n\n<p class=\"has-text-align-center has-normal-font-size\"><strong>Datum:<\/strong> 07.03.2019 (Samstag) \u2013 Start: 19:00 Uhr     <br><strong>Location:<\/strong> Grays Bar (Im Schnoor), Hinter der Holzpforte 2, 28195 Bremen     <strong>Eintrittspreis:<\/strong> 49,90 Euro     <br><strong>Verkostung<\/strong>: 5 Whiskys, geeignet f\u00fcr Einsteiger und Fortgeschrittene <br>(Nach dem Tasting k\u00f6nnen weitere Whiskys verkostet werden)     <br><strong>Teilnehmerzahl:<\/strong> Platz f\u00fcr 30 Personen<\/p>\n\n\n\n<p class=\"has-text-align-center has-large-font-size\"><a href=\"https:\/\/www.eventbrite.de\/e\/whisky-around-the-world-grays-bar-bremen-tickets-91528766003?fbclid=IwAR0r1v6aazTNxCqLfkDK1_oD0JwPgUQDgpxrxAvnC18cNoKdd-8QDz9Ynko\">-TICKETS-<\/a><\/p>\n\n\n\n<p class=\"has-text-align-center has-large-font-size\"><br><\/p>\n","protected":false},"excerpt":{"rendered":"<p>Die Whisky-Welt ist im Wandel.Die Vielfalt ist heute so gro\u00df wie noch nie! \u00dcberall auf der Welt wird heute Whisky hergestellt. Nicht nur in Schottland und Irland sprie\u00dfen die neuen Brennereien aus dem Boden. In diesem Whisky Tasting geht es mit den Malt Mariners einmal um die Welt. Das Thema Vielfalt steht dabei im Vordergrund. &hellip; <\/p>\n<p class=\"link-more\"><a href=\"https:\/\/grays-bar.de\/?page_id=129\" class=\"more-link\"><span class=\"screen-reader-text\">\u201eWhisk(e)y Tasting\u201c<\/span> weiterlesen<\/a><\/p>\n","protected":false},"author":1,"featured_media":0,"parent":0,"menu_order":0,"comment_status":"closed","ping_status":"closed","template":"","meta":{"footnotes":""},"class_list":["post-129","page","type-page","status-publish","hentry"],"_links":{"self":[{"href":"https:\/\/grays-bar.de\/index.php?rest_route=\/wp\/v2\/pages\/129","targetHints":{"allow":["GET"]}}],"collection":[{"href":"https:\/\/grays-bar.de\/index.php?rest_route=\/wp\/v2\/pages"}],"about":[{"href":"https:\/\/grays-bar.de\/index.php?rest_route=\/wp\/v2\/types\/page"}],"author":[{"embeddable":true,"href":"https:\/\/grays-bar.de\/index.php?rest_route=\/wp\/v2\/users\/1"}],"replies":[{"embeddable":true,"href":"https:\/\/grays-bar.de\/index.php?rest_route=%2Fwp%2Fv2%2Fcomments&post=129"}],"version-history":[{"count":3,"href":"https:\/\/grays-bar.de\/index.php?rest_route=\/wp\/v2\/pages\/129\/revisions"}],"predecessor-version":[{"id":133,"href":"https:\/\/grays-bar.de\/index.php?rest_route=\/wp\/v2\/pages\/129\/revisions\/133"}],"wp:attachment":[{"href":"https:\/\/grays-bar.de\/index.php?rest_route=%2Fwp%2Fv2%2Fmedia&parent=129"}],"curies":[{"name":"wp","href":"https:\/\/api.w.org\/{rel}","templated":true}]}}