{"id":82,"date":"2020-01-21T21:48:29","date_gmt":"2020-01-21T21:48:29","guid":{"rendered":"http:\/\/grays-bar.de\/?page_id=82"},"modified":"2020-01-21T21:48:29","modified_gmt":"2020-01-21T21:48:29","slug":"die-bar","status":"publish","type":"page","link":"https:\/\/grays-bar.de\/?page_id=82","title":{"rendered":"Die Bar"},"content":{"rendered":"\n<p>Ich m\u00f6chtet euren Freunden eine unglaubliche Geburtstagsfeier, eine Hochzeitsfeier der etwas anderen Art oder euren bestandenen Abschluss feiern? Egal ob mit kleinem Buffet oder nur mit Getr\u00e4nken, wir k\u00f6nnen euch fast jeden Wunsch erf\u00fcllen.<\/p>\n","protected":false},"excerpt":{"rendered":"<p>Ich m\u00f6chtet euren Freunden eine unglaubliche Geburtstagsfeier, eine Hochzeitsfeier der etwas anderen Art oder euren bestandenen Abschluss feiern? Egal ob mit kleinem Buffet oder nur mit Getr\u00e4nken, wir k\u00f6nnen euch fast jeden Wunsch erf\u00fcllen.<\/p>\n","protected":false},"author":1,"featured_media":0,"parent":0,"menu_order":0,"comment_status":"closed","ping_status":"closed","template":"","meta":{"footnotes":""},"class_list":["post-82","page","type-page","status-publish","hentry"],"_links":{"self":[{"href":"https:\/\/grays-bar.de\/index.php?rest_route=\/wp\/v2\/pages\/82","targetHints":{"allow":["GET"]}}],"collection":[{"href":"https:\/\/grays-bar.de\/index.php?rest_route=\/wp\/v2\/pages"}],"about":[{"href":"https:\/\/grays-bar.de\/index.php?rest_route=\/wp\/v2\/types\/page"}],"author":[{"embeddable":true,"href":"https:\/\/grays-bar.de\/index.php?rest_route=\/wp\/v2\/users\/1"}],"replies":[{"embeddable":true,"href":"https:\/\/grays-bar.de\/index.php?rest_route=%2Fwp%2Fv2%2Fcomments&post=82"}],"version-history":[{"count":1,"href":"https:\/\/grays-bar.de\/index.php?rest_route=\/wp\/v2\/pages\/82\/revisions"}],"predecessor-version":[{"id":83,"href":"https:\/\/grays-bar.de\/index.php?rest_route=\/wp\/v2\/pages\/82\/revisions\/83"}],"wp:attachment":[{"href":"https:\/\/grays-bar.de\/index.php?rest_route=%2Fwp%2Fv2%2Fmedia&parent=82"}],"curies":[{"name":"wp","href":"https:\/\/api.w.org\/{rel}","templated":true}]}}